{"id":3850,"date":"2025-09-17T15:02:12","date_gmt":"2025-09-17T19:02:12","guid":{"rendered":"https:\/\/myriades-co.com\/?page_id=3850"},"modified":"2025-10-08T11:51:33","modified_gmt":"2025-10-08T15:51:33","slug":"politique-de-confidentialite","status":"publish","type":"page","link":"https:\/\/myriades-co.com\/es\/politique-de-confidentialite\/","title":{"rendered":"Pol\u00edtica de privacidad"},"content":{"rendered":"<div class=\"pntrst_main_before_after\"><\/div><div class=\"fusion-fullwidth fullwidth-box fusion-builder-row-1 fusion-flex-container has-pattern-background has-mask-background nonhundred-percent-fullwidth non-hundred-percent-height-scrolling\" style=\"--awb-border-radius-top-left:0px;--awb-border-radius-top-right:0px;--awb-border-radius-bottom-right:0px;--awb-border-radius-bottom-left:0px;--awb-flex-wrap:wrap;\" ><div class=\"fusion-builder-row fusion-row fusion-flex-align-items-flex-start fusion-flex-content-wrap\" style=\"max-width:1248px;margin-left: calc(-4% \/ 2 );margin-right: calc(-4% \/ 2 );\"><div class=\"fusion-layout-column fusion_builder_column fusion-builder-column-0 fusion_builder_column_1_1 1_1 fusion-flex-column\" style=\"--awb-bg-size:cover;--awb-width-large:100%;--awb-margin-top-large:0px;--awb-spacing-right-large:1.92%;--awb-margin-bottom-large:20px;--awb-spacing-left-large:1.92%;--awb-width-medium:100%;--awb-order-medium:0;--awb-spacing-right-medium:1.92%;--awb-spacing-left-medium:1.92%;--awb-width-small:100%;--awb-order-small:0;--awb-spacing-right-small:1.92%;--awb-spacing-left-small:1.92%;\"><div class=\"fusion-column-wrapper fusion-column-has-shadow fusion-flex-justify-content-flex-start fusion-content-layout-column\"><div class=\"fusion-title title fusion-title-1 fusion-sep-none fusion-title-text fusion-title-size-two\"><h2 class=\"fusion-title-heading title-heading-left fusion-responsive-typography-calculated\" style=\"margin:0;--fontSize:48;line-height:var(--awb-typography1-line-height);\">Pol\u00edtica de privacidad<\/h2><\/div><div class=\"accordian fusion-accordian\" style=\"--awb-border-size:1px;--awb-icon-size:16px;--awb-content-font-size:var(--awb-typography4-font-size);--awb-icon-alignment:left;--awb-hover-color:var(--awb-color2);--awb-border-color:var(--awb-color3);--awb-background-color:var(--awb-color1);--awb-divider-color:var(--awb-color3);--awb-divider-hover-color:var(--awb-color3);--awb-icon-color:var(--awb-color1);--awb-title-color:var(--awb-color8);--awb-content-color:var(--awb-color8);--awb-icon-box-color:var(--awb-color8);--awb-toggle-hover-accent-color:var(--awb-color5);--awb-title-font-family:var(--awb-typography1-font-family);--awb-title-font-weight:var(--awb-typography1-font-weight);--awb-title-font-style:var(--awb-typography1-font-style);--awb-title-font-size:16px;--awb-content-font-family:var(--awb-typography4-font-family);--awb-content-font-weight:var(--awb-typography4-font-weight);--awb-content-font-style:var(--awb-typography4-font-style);\"><div class=\"panel-group fusion-toggle-icon-boxed\" id=\"accordion-3850-1\"><div class=\"fusion-panel panel-default panel-5c31e2c854e10d5d6 fusion-toggle-has-divider\"><div class=\"panel-heading\"><h3 class=\"panel-title toggle\" id=\"toggle_5c31e2c854e10d5d6\"><a class=\"active\" aria-expanded=\"true\" aria-controls=\"5c31e2c854e10d5d6\" role=\"button\" data-toggle=\"collapse\" data-target=\"#5c31e2c854e10d5d6\" href=\"#5c31e2c854e10d5d6\"><span class=\"fusion-toggle-icon-wrapper\" aria-hidden=\"true\"><i class=\"fa-fusion-box active-icon awb-icon-minus\" aria-hidden=\"true\"><\/i><i class=\"fa-fusion-box inactive-icon awb-icon-plus\" aria-hidden=\"true\"><\/i><\/span><span class=\"fusion-toggle-heading\">Introducci\u00f3n<\/span><\/a><\/h3><\/div><div id=\"5c31e2c854e10d5d6\" class=\"panel-collapse collapse in\" aria-labelledby=\"toggle_5c31e2c854e10d5d6\"><div class=\"panel-body toggle-content fusion-clearfix\">\n<div class=\"T7n0L6\" role=\"listitem\">\n<div id=\"comp-m1giqu1m2__item1\" class=\"comp-m1giqu1m2 YzqVVZ wixui-repeater__item\">\n<div class=\"\" data-mesh-id=\"comp-m1giqu1m2__item1inlineContent\" data-testid=\"inline-content\">\n<div data-mesh-id=\"comp-m1giqu1m2__item1inlineContent-gridContainer\" data-testid=\"mesh-container-content\">\n<div id=\"comp-m1giqu1u2__item1\" class=\"Z_l5lU ku3DBC zQ9jDz qvSjx3 Vq6kJx comp-m1giqu1u2 wixui-rich-text\" data-testid=\"richTextElement\">\n<p class=\"font_9 wixui-rich-text__text\">En Myriades &amp; Co, nos comprometemos a proteger la privacidad y seguridad de la informaci\u00f3n personal de nuestros clientes, socios y visitantes de nuestro sitio web. Esta pol\u00edtica de privacidad describe c\u00f3mo recopilamos, usamos, divulgamos y protegemos su informaci\u00f3n personal, de conformidad con la Ley 25 sobre la protecci\u00f3n de la informaci\u00f3n personal.<\/p>\n<\/div>\n<\/div>\n<\/div>\n<\/div>\n<\/div>\n<div class=\"T7n0L6\" role=\"listitem\">\n<div id=\"comp-m1giqu1m2__item-kemop07k\" class=\"comp-m1giqu1m2 YzqVVZ wixui-repeater__item\">\n<div id=\"bgLayers_comp-m1giqu1m2__item-kemop07k\" class=\"MW5IWV\" data-hook=\"bgLayers\" data-motion-part=\"BG_LAYER comp-m1giqu1m2__item-kemop07k\"><\/div>\n<\/div>\n<\/div>\n<\/div><\/div><\/div><div class=\"fusion-panel panel-default panel-5de92e53c31dbab54 fusion-toggle-has-divider\"><div class=\"panel-heading\"><h3 class=\"panel-title toggle\" id=\"toggle_5de92e53c31dbab54\"><a aria-expanded=\"false\" aria-controls=\"5de92e53c31dbab54\" role=\"button\" data-toggle=\"collapse\" data-target=\"#5de92e53c31dbab54\" href=\"#5de92e53c31dbab54\"><span class=\"fusion-toggle-icon-wrapper\" aria-hidden=\"true\"><i class=\"fa-fusion-box active-icon awb-icon-minus\" aria-hidden=\"true\"><\/i><i class=\"fa-fusion-box inactive-icon awb-icon-plus\" aria-hidden=\"true\"><\/i><\/span><span class=\"fusion-toggle-heading\">Recopilaci\u00f3n de datos<\/span><\/a><\/h3><\/div><div id=\"5de92e53c31dbab54\" class=\"panel-collapse collapse\" aria-labelledby=\"toggle_5de92e53c31dbab54\"><div class=\"panel-body toggle-content fusion-clearfix\">\n<div class=\"T7n0L6\" role=\"listitem\">\n<div id=\"comp-m1giqu1m2__item-kemop07k\" class=\"comp-m1giqu1m2 YzqVVZ wixui-repeater__item\">\n<div class=\"\" data-mesh-id=\"comp-m1giqu1m2__item-kemop07kinlineContent\" data-testid=\"inline-content\">\n<div data-mesh-id=\"comp-m1giqu1m2__item-kemop07kinlineContent-gridContainer\" data-testid=\"mesh-container-content\">\n<div id=\"comp-m1giqu1u2__item-kemop07k\" class=\"Z_l5lU ku3DBC zQ9jDz qvSjx3 Vq6kJx comp-m1giqu1u2 wixui-rich-text\" data-testid=\"richTextElement\">\n<p class=\"font_9 wixui-rich-text__text\">Recopilamos los siguientes datos personales:<\/p>\n<ul class=\"font_9 wixui-rich-text__text\">\n<li class=\"wixui-rich-text__text\">\n<p class=\"font_9 wixui-rich-text__text\">Nombre, direcci\u00f3n, correo electr\u00f3nico, n\u00famero de tel\u00e9fono.<\/p>\n<\/li>\n<li class=\"wixui-rich-text__text\">\n<p class=\"font_9 wixui-rich-text__text\">Cualquier otra informaci\u00f3n que decida proporcionarnos.<\/p>\n<\/li>\n<\/ul>\n<\/div>\n<\/div>\n<\/div>\n<\/div>\n<\/div>\n<div class=\"T7n0L6\" role=\"listitem\">\n<div id=\"comp-m1giqu1m2__item-kemop2b8\" class=\"comp-m1giqu1m2 YzqVVZ wixui-repeater__item\">\n<div id=\"bgLayers_comp-m1giqu1m2__item-kemop2b8\" class=\"MW5IWV\" data-hook=\"bgLayers\" data-motion-part=\"BG_LAYER comp-m1giqu1m2__item-kemop2b8\"><\/div>\n<\/div>\n<\/div>\n<\/div><\/div><\/div><div class=\"fusion-panel panel-default panel-bc0560759685e076f fusion-toggle-has-divider\"><div class=\"panel-heading\"><h3 class=\"panel-title toggle\" id=\"toggle_bc0560759685e076f\"><a aria-expanded=\"false\" aria-controls=\"bc0560759685e076f\" role=\"button\" data-toggle=\"collapse\" data-target=\"#bc0560759685e076f\" href=\"#bc0560759685e076f\"><span class=\"fusion-toggle-icon-wrapper\" aria-hidden=\"true\"><i class=\"fa-fusion-box active-icon awb-icon-minus\" aria-hidden=\"true\"><\/i><i class=\"fa-fusion-box inactive-icon awb-icon-plus\" aria-hidden=\"true\"><\/i><\/span><span class=\"fusion-toggle-heading\">Uso de los datos<\/span><\/a><\/h3><\/div><div id=\"bc0560759685e076f\" class=\"panel-collapse collapse\" aria-labelledby=\"toggle_bc0560759685e076f\"><div class=\"panel-body toggle-content fusion-clearfix\">\n<p class=\"font_9 wixui-rich-text__text\">Sus datos se utilizan para:<\/p>\n<ul class=\"font_9 wixui-rich-text__text\">\n<li class=\"wixui-rich-text__text\">\n<p class=\"font_9 wixui-rich-text__text\">Procesar sus pedidos y solicitudes.<\/p>\n<\/li>\n<li class=\"wixui-rich-text__text\">\n<p class=\"font_9 wixui-rich-text__text\">Comunicarnos con usted sobre nuestros servicios.<\/p>\n<\/li>\n<li class=\"wixui-rich-text__text\">\n<p class=\"font_9 wixui-rich-text__text\">Mejorar nuestros servicios y ofertas.<\/p>\n<\/li>\n<\/ul>\n<\/div><\/div><\/div><div class=\"fusion-panel panel-default panel-94fe725fd83f22552 fusion-toggle-has-divider\"><div class=\"panel-heading\"><h3 class=\"panel-title toggle\" id=\"toggle_94fe725fd83f22552\"><a aria-expanded=\"false\" aria-controls=\"94fe725fd83f22552\" role=\"button\" data-toggle=\"collapse\" data-target=\"#94fe725fd83f22552\" href=\"#94fe725fd83f22552\"><span class=\"fusion-toggle-icon-wrapper\" aria-hidden=\"true\"><i class=\"fa-fusion-box active-icon awb-icon-minus\" aria-hidden=\"true\"><\/i><i class=\"fa-fusion-box inactive-icon awb-icon-plus\" aria-hidden=\"true\"><\/i><\/span><span class=\"fusion-toggle-heading\">Divulgaci\u00f3n de datos<\/span><\/a><\/h3><\/div><div id=\"94fe725fd83f22552\" class=\"panel-collapse collapse\" aria-labelledby=\"toggle_94fe725fd83f22552\"><div class=\"panel-body toggle-content fusion-clearfix\">\n<p class=\"font_9 wixui-rich-text__text\">Solo compartimos sus datos con:<\/p>\n<ul class=\"font_9 wixui-rich-text__text\">\n<li class=\"wixui-rich-text__text\">\n<p class=\"font_9 wixui-rich-text__text\">Proveedores de servicios terceros necesarios para la prestaci\u00f3n de nuestros servicios.<\/p>\n<\/li>\n<li class=\"wixui-rich-text__text\">\n<p class=\"font_9 wixui-rich-text__text\">Autoridades legales, si as\u00ed lo exige la ley.<\/p>\n<\/li>\n<\/ul>\n<\/div><\/div><\/div><div class=\"fusion-panel panel-default panel-c138212cfd8bb5eb5 fusion-toggle-has-divider\"><div class=\"panel-heading\"><h3 class=\"panel-title toggle\" id=\"toggle_c138212cfd8bb5eb5\"><a aria-expanded=\"false\" aria-controls=\"c138212cfd8bb5eb5\" role=\"button\" data-toggle=\"collapse\" data-target=\"#c138212cfd8bb5eb5\" href=\"#c138212cfd8bb5eb5\"><span class=\"fusion-toggle-icon-wrapper\" aria-hidden=\"true\"><i class=\"fa-fusion-box active-icon awb-icon-minus\" aria-hidden=\"true\"><\/i><i class=\"fa-fusion-box inactive-icon awb-icon-plus\" aria-hidden=\"true\"><\/i><\/span><span class=\"fusion-toggle-heading\">Seguridad de los datos<\/span><\/a><\/h3><\/div><div id=\"c138212cfd8bb5eb5\" class=\"panel-collapse collapse\" aria-labelledby=\"toggle_c138212cfd8bb5eb5\"><div class=\"panel-body toggle-content fusion-clearfix\">\n<div class=\"T7n0L6\" role=\"listitem\">\n<div id=\"comp-m1giqu1m2__item-m1gj27ee\" class=\"comp-m1giqu1m2 YzqVVZ wixui-repeater__item\">\n<div class=\"\" data-mesh-id=\"comp-m1giqu1m2__item-m1gj27eeinlineContent\" data-testid=\"inline-content\">\n<div data-mesh-id=\"comp-m1giqu1m2__item-m1gj27eeinlineContent-gridContainer\" data-testid=\"mesh-container-content\">\n<div id=\"comp-m1giqu1u2__item-m1gj27ee\" class=\"Z_l5lU ku3DBC zQ9jDz qvSjx3 Vq6kJx comp-m1giqu1u2 wixui-rich-text\" data-testid=\"richTextElement\">\n<p class=\"font_9 wixui-rich-text__text\">Implementamos medidas de seguridad s\u00f3lidas para proteger sus datos contra el acceso no autorizado, alteraci\u00f3n, divulgaci\u00f3n o destrucci\u00f3n.<\/p>\n<\/div>\n<\/div>\n<\/div>\n<\/div>\n<\/div>\n<div class=\"T7n0L6\" role=\"listitem\">\n<div id=\"comp-m1giqu1m2__item-m1gj27rw\" class=\"comp-m1giqu1m2 YzqVVZ wixui-repeater__item\">\n<div id=\"bgLayers_comp-m1giqu1m2__item-m1gj27rw\" class=\"MW5IWV\" data-hook=\"bgLayers\" data-motion-part=\"BG_LAYER comp-m1giqu1m2__item-m1gj27rw\"><\/div>\n<\/div>\n<\/div>\n<\/div><\/div><\/div><div class=\"fusion-panel panel-default panel-129d0419f0e23304a fusion-toggle-has-divider\"><div class=\"panel-heading\"><h3 class=\"panel-title toggle\" id=\"toggle_129d0419f0e23304a\"><a aria-expanded=\"false\" aria-controls=\"129d0419f0e23304a\" role=\"button\" data-toggle=\"collapse\" data-target=\"#129d0419f0e23304a\" href=\"#129d0419f0e23304a\"><span class=\"fusion-toggle-icon-wrapper\" aria-hidden=\"true\"><i class=\"fa-fusion-box active-icon awb-icon-minus\" aria-hidden=\"true\"><\/i><i class=\"fa-fusion-box inactive-icon awb-icon-plus\" aria-hidden=\"true\"><\/i><\/span><span class=\"fusion-toggle-heading\">Sus derechos<\/span><\/a><\/h3><\/div><div id=\"129d0419f0e23304a\" class=\"panel-collapse collapse\" aria-labelledby=\"toggle_129d0419f0e23304a\"><div class=\"panel-body toggle-content fusion-clearfix\">\n<p class=\"font_9 wixui-rich-text__text\">De acuerdo con la Ley 25, usted tiene derecho a:<\/p>\n<ul class=\"font_9 wixui-rich-text__text\">\n<li class=\"wixui-rich-text__text\">\n<p class=\"font_9 wixui-rich-text__text\">Acceder a sus datos personales.<\/p>\n<\/li>\n<li class=\"wixui-rich-text__text\">\n<p class=\"font_9 wixui-rich-text__text\">Solicitar la correcci\u00f3n o eliminaci\u00f3n de sus datos.<\/p>\n<\/li>\n<li class=\"wixui-rich-text__text\">\n<p class=\"font_9 wixui-rich-text__text\">Retirar su consentimiento en cualquier momento.<\/p>\n<\/li>\n<\/ul>\n<\/div><\/div><\/div><div class=\"fusion-panel panel-default panel-edf8cec67237addd7 fusion-toggle-has-divider\"><div class=\"panel-heading\"><h3 class=\"panel-title toggle\" id=\"toggle_edf8cec67237addd7\"><a aria-expanded=\"false\" aria-controls=\"edf8cec67237addd7\" role=\"button\" data-toggle=\"collapse\" data-target=\"#edf8cec67237addd7\" href=\"#edf8cec67237addd7\"><span class=\"fusion-toggle-icon-wrapper\" aria-hidden=\"true\"><i class=\"fa-fusion-box active-icon awb-icon-minus\" aria-hidden=\"true\"><\/i><i class=\"fa-fusion-box inactive-icon awb-icon-plus\" aria-hidden=\"true\"><\/i><\/span><span class=\"fusion-toggle-heading\">Modificaciones de la pol\u00edtica<\/span><\/a><\/h3><\/div><div id=\"edf8cec67237addd7\" class=\"panel-collapse collapse\" aria-labelledby=\"toggle_edf8cec67237addd7\"><div class=\"panel-body toggle-content fusion-clearfix\">\n<p>&nbsp;<\/p>\n<div id=\"SITE_PAGES\" class=\"JsJXaX SITE_PAGES\">\n<div id=\"SITE_PAGES_TRANSITION_GROUP\" class=\"AnQkDU\">\n<div id=\"kintg\" class=\"dBAkHi kintg\">\n<div class=\"HT5ybB\">\n<div id=\"Containerkintg\" class=\"Containerkintg SPY_vo\">\n<div class=\"\" data-mesh-id=\"ContainerkintginlineContent\" data-testid=\"inline-content\">\n<div data-mesh-id=\"ContainerkintginlineContent-gridContainer\" data-testid=\"mesh-container-content\">\n<section id=\"comp-m1giqu1f\" class=\"Oqnisf comp-m1giqu1f wixui-section\" tabindex=\"-1\" data-block-level-container=\"ClassicSection\" aria-label=\"main content\">\n<div class=\"\" data-mesh-id=\"comp-m1giqu1finlineContent\" data-testid=\"inline-content\">\n<div data-mesh-id=\"comp-m1giqu1finlineContent-gridContainer\" data-testid=\"mesh-container-content\">\n<div id=\"comp-m1giqu1j\" class=\"comp-m1giqu1j wixui-repeater\">\n<div class=\"hRdzm4\" role=\"list\">\n<div class=\"cGWabE\">\n<div class=\"T7n0L6\" role=\"listitem\">\n<div id=\"comp-m1giqu1m2__item-m1gj64vm\" class=\"comp-m1giqu1m2 YzqVVZ wixui-repeater__item\">\n<div class=\"\" data-mesh-id=\"comp-m1giqu1m2__item-m1gj64vminlineContent\" data-testid=\"inline-content\">\n<div data-mesh-id=\"comp-m1giqu1m2__item-m1gj64vminlineContent-gridContainer\" data-testid=\"mesh-container-content\">\n<div id=\"comp-m1giqu1u2__item-m1gj64vm\" class=\"Z_l5lU ku3DBC zQ9jDz qvSjx3 Vq6kJx comp-m1giqu1u2 wixui-rich-text\" data-testid=\"richTextElement\">\n<p class=\"font_9 wixui-rich-text__text\">Nos reservamos el derecho de modificar esta pol\u00edtica de privacidad en cualquier momento. Las modificaciones se publicar\u00e1n en nuestro sitio web.<\/p>\n<p class=\"font_9 wixui-rich-text__text\"><span class=\"wixui-rich-text__text\">Contacto<\/span><\/p>\n<p class=\"font_9 wixui-rich-text__text\">Para cualquier pregunta o inquietud sobre esta pol\u00edtica, por favor contacte a nuestro responsable de protecci\u00f3n de datos en rh@myriades-co.com\u00a0<a class=\"wixui-rich-text__text\" href=\"mailto:rh@myriades-co.com\" data-auto-recognition=\"true\">rh@myriades-co.com<\/a><\/p>\n<p class=\"font_9 wixui-rich-text__text\">Fecha de \u00faltima actualizaci\u00f3n: 24-09-2024<\/p>\n<\/div>\n<\/div>\n<\/div>\n<\/div>\n<\/div>\n<\/div>\n<\/div>\n<\/div>\n<\/div>\n<\/div>\n<\/section>\n<\/div>\n<\/div>\n<\/div>\n<\/div>\n<\/div>\n<\/div>\n<\/div>\n<p>&nbsp;<\/p>\n<div id=\"pinnedBottomRight\" class=\"pinnedBottomRight\">\n<div id=\"comp-k8da0scs-pinned-layer\" class=\"comp-k8da0scs-pinned-layer big2ZD\"><\/div>\n<\/div>\n<\/div><\/div><\/div><\/div><\/div><\/div><\/div><\/div><\/div>\n<div class=\"pntrst_main_before_after\"><\/div>","protected":false},"excerpt":{"rendered":"","protected":false},"author":267101357,"featured_media":3560,"parent":0,"menu_order":0,"comment_status":"closed","ping_status":"closed","template":"100-width.php","meta":{"_acf_changed":false,"footnotes":""},"class_list":["post-3850","page","type-page","status-publish","has-post-thumbnail","hentry"],"acf":[],"jetpack_sharing_enabled":true,"jetpack_shortlink":"https:\/\/wp.me\/PgARk8-106","_links":{"self":[{"href":"https:\/\/myriades-co.com\/es\/wp-json\/wp\/v2\/pages\/3850","targetHints":{"allow":["GET"]}}],"collection":[{"href":"https:\/\/myriades-co.com\/es\/wp-json\/wp\/v2\/pages"}],"about":[{"href":"https:\/\/myriades-co.com\/es\/wp-json\/wp\/v2\/types\/page"}],"author":[{"embeddable":true,"href":"https:\/\/myriades-co.com\/es\/wp-json\/wp\/v2\/users\/267101357"}],"replies":[{"embeddable":true,"href":"https:\/\/myriades-co.com\/es\/wp-json\/wp\/v2\/comments?post=3850"}],"version-history":[{"count":5,"href":"https:\/\/myriades-co.com\/es\/wp-json\/wp\/v2\/pages\/3850\/revisions"}],"predecessor-version":[{"id":4305,"href":"https:\/\/myriades-co.com\/es\/wp-json\/wp\/v2\/pages\/3850\/revisions\/4305"}],"wp:featuredmedia":[{"embeddable":true,"href":"https:\/\/myriades-co.com\/es\/wp-json\/wp\/v2\/media\/3560"}],"wp:attachment":[{"href":"https:\/\/myriades-co.com\/es\/wp-json\/wp\/v2\/media?parent=3850"}],"curies":[{"name":"wp","href":"https:\/\/api.w.org\/{rel}","templated":true}]}}